{"id":34,"date":"2022-05-21T19:04:52","date_gmt":"2022-05-21T17:04:52","guid":{"rendered":"https:\/\/www.chalupapodlesi.cz\/?page_id=34"},"modified":"2022-05-22T19:06:11","modified_gmt":"2022-05-22T17:06:11","slug":"restaurace","status":"publish","type":"page","link":"https:\/\/www.chalupapodlesi.cz\/?page_id=34","title":{"rendered":"Restaurace"},"content":{"rendered":"\n<p>Stravov\u00e1n\u00ed je poskytov\u00e1no ve form\u011b polopenze (\u010desk\u00e1 kuchyn\u011b) a ve\u010dern\u00ed posezen\u00ed s p\u0159\u00e1teli v\u00e1m zp\u0159\u00edjemn\u00ed na\u0161e neku\u0159\u00e1ck\u00e1 restaurace. Speciality v restauraci ala carte : grilov\u00e1n\u00ed \u010derstv\u00fdch pstruh\u016f z vlastn\u00edho jez\u00edrka na venkovn\u00edch grilech, l\u00e1vov\u00e9 kameny, pe\u010den\u00e1 kolena, steaky \u2026 P\u0159\u00edjemn\u00e9 posezen\u00ed najdete nap\u0159.i na venkovn\u00ed terase s grilem. <\/p>\n\n\n<style type=\"text\/css\" scoped>.rbs_gallery_69f27f4e3b4eaSpinner{\r\n\t\t\t\tmargin: 50px auto;\r\n\t\t\t\twidth: 50px;\r\n\t\t\t\theight: 40px;\r\n\t\t\t\ttext-align: center;\r\n\t\t\t\tfont-size: 10px;\r\n\t\t\t}\r\n\t\t\t.rbs_gallery_69f27f4e3b4eaSpinner > div{\r\n\t\t\t  background-color: #333;\r\n\t\t\t  height: 100%;\r\n\t\t\t  width: 6px;\r\n\t\t\t  display: inline-block;\r\n\t\t\t  -webkit-animation: rbs_gallery_69f27f4e3b4ea-stretchdelay 1.2s infinite ease-in-out;\r\n\t\t\t  animation: rbs_gallery_69f27f4e3b4ea-stretchdelay 1.2s infinite ease-in-out;\r\n\t\t\t}\r\n\t\t\t.rbs_gallery_69f27f4e3b4eaSpinner .rbs_gallery_69f27f4e3b4eaRect2 {\r\n\t\t\t  -webkit-animation-delay: -1.1s;\r\n\t\t\t  animation-delay: -1.1s;\r\n\t\t\t}\r\n\t\t\t.rbs_gallery_69f27f4e3b4eaSpinner .rbs_gallery_69f27f4e3b4eaRect3 {\r\n\t\t\t  -webkit-animation-delay: -1.0s;\r\n\t\t\t  animation-delay: -1.0s;\r\n\t\t\t}\r\n\t\t\t.rbs_gallery_69f27f4e3b4eaSpinner .rbs_gallery_69f27f4e3b4eaRect4 {\r\n\t\t\t  -webkit-animation-delay: -0.9s;\r\n\t\t\t  animation-delay: -0.9s;\r\n\t\t\t}\r\n\t\t\t.rbs_gallery_69f27f4e3b4eaSpinner .rbs_gallery_69f27f4e3b4eaRect5 {\r\n\t\t\t  -webkit-animation-delay: -0.8s;\r\n\t\t\t  animation-delay: -0.8s;\r\n\t\t\t}\r\n\t\t\t@-webkit-keyframes rbs_gallery_69f27f4e3b4ea-stretchdelay {\r\n\t\t\t  0%, 40%, 100% { -webkit-transform: scaleY(0.4) }  \r\n\t\t\t  20% { -webkit-transform: scaleY(1.0) }\r\n\t\t\t}\r\n\t\t\t@keyframes rbs_gallery_69f27f4e3b4ea-stretchdelay {\r\n\t\t\t  0%, 40%, 100% { \r\n\t\t\t    transform: scaleY(0.4);\r\n\t\t\t    -webkit-transform: scaleY(0.4);\r\n\t\t\t  }  20% { \r\n\t\t\t    transform: scaleY(1.0);\r\n\t\t\t    -webkit-transform: scaleY(1.0);\r\n\t\t\t  }\r\n\t\t\t}\r\n\t\t<\/style><div class=\"robo-gallery-wrap robo-gallery-wrap-id90 robo-gallery-grid\" ><div id=\"rbs_gallery_69f27f4e3b4ea-block-loader\" class=\"rbs_gallery_69f27f4e3b4eaSpinner\"><div class=\"rbs_gallery_69f27f4e3b4eaRect1\"><\/div> <div class=\"rbs_gallery_69f27f4e3b4eaRect2\"><\/div> <div class=\"rbs_gallery_69f27f4e3b4eaRect3\"><\/div> <div class=\"rbs_gallery_69f27f4e3b4eaRect4\"><\/div> <div class=\"rbs_gallery_69f27f4e3b4eaRect5\"><\/div><\/div><div id=\"robo_gallery_main_block_rbs_gallery_69f27f4e3b4ea\" class=\"robogallery-gallery-90\" style=\"width:100%;  display: none;\"><div id=\"rbs_gallery_69f27f4e3b4ea\" data-options=\"rbs_gallery_69f27f4e3b4ea\" style=\"width:100%;\" class=\"robo_gallery  \"><div class=\"rbs-img  category90 \" ><div class=\"rbs-img-image   rbs-lightbox \" ><div class=\"rbs-img-thumbs\"  data-thumbnail=\"https:\/\/www.chalupapodlesi.cz\/wp-content\/uploads\/2022\/05\/restaurace1-300x199.jpg\"  title=\"\"  data-width=\"300\"  data-height=\"199\" ><\/div><div class=\"rbs-img-data-popup\"  data-popup=\"https:\/\/www.chalupapodlesi.cz\/wp-content\/uploads\/2022\/05\/restaurace1.jpg\"  title=\"\" ><\/div><div class=\"thumbnail-overlay\"><div class=\"rbsIcons\"><i class=\"fa fa-search-plus rbsZoomIcon \" ><\/i><\/div><\/div><\/div><\/div><div class=\"rbs-img  category90 \" ><div class=\"rbs-img-image   rbs-lightbox \" ><div class=\"rbs-img-thumbs\"  data-thumbnail=\"https:\/\/www.chalupapodlesi.cz\/wp-content\/uploads\/2022\/05\/akce1-300x225.jpg\"  title=\"\"  data-width=\"300\"  data-height=\"225\" ><\/div><div class=\"rbs-img-data-popup\"  data-popup=\"https:\/\/www.chalupapodlesi.cz\/wp-content\/uploads\/2022\/05\/akce1.jpg\"  title=\"\" ><\/div><div class=\"thumbnail-overlay\"><div class=\"rbsIcons\"><i class=\"fa fa-search-plus rbsZoomIcon \" ><\/i><\/div><\/div><\/div><\/div><div class=\"rbs-img  category90 \" ><div class=\"rbs-img-image   rbs-lightbox \" ><div class=\"rbs-img-thumbs\"  data-thumbnail=\"https:\/\/www.chalupapodlesi.cz\/wp-content\/uploads\/2022\/05\/snidane3-300x225.jpg\"  title=\"\"  data-width=\"300\"  data-height=\"225\" ><\/div><div class=\"rbs-img-data-popup\"  data-popup=\"https:\/\/www.chalupapodlesi.cz\/wp-content\/uploads\/2022\/05\/snidane3.jpg\"  title=\"\" ><\/div><div class=\"thumbnail-overlay\"><div class=\"rbsIcons\"><i class=\"fa fa-search-plus rbsZoomIcon \" ><\/i><\/div><\/div><\/div><\/div><div class=\"rbs-img  category90 \" ><div class=\"rbs-img-image   rbs-lightbox \" ><div class=\"rbs-img-thumbs\"  data-thumbnail=\"https:\/\/www.chalupapodlesi.cz\/wp-content\/uploads\/2022\/05\/snidane2-300x225.jpg\"  title=\"\"  data-width=\"300\"  data-height=\"225\" ><\/div><div class=\"rbs-img-data-popup\"  data-popup=\"https:\/\/www.chalupapodlesi.cz\/wp-content\/uploads\/2022\/05\/snidane2.jpg\"  title=\"\" ><\/div><div class=\"thumbnail-overlay\"><div class=\"rbsIcons\"><i class=\"fa fa-search-plus rbsZoomIcon \" ><\/i><\/div><\/div><\/div><\/div><div class=\"rbs-img  category90 \" ><div class=\"rbs-img-image   rbs-lightbox \" ><div class=\"rbs-img-thumbs\"  data-thumbnail=\"https:\/\/www.chalupapodlesi.cz\/wp-content\/uploads\/2022\/05\/snidane1-300x225.jpg\"  title=\"\"  data-width=\"300\"  data-height=\"225\" ><\/div><div class=\"rbs-img-data-popup\"  data-popup=\"https:\/\/www.chalupapodlesi.cz\/wp-content\/uploads\/2022\/05\/snidane1.jpg\"  title=\"\" ><\/div><div class=\"thumbnail-overlay\"><div class=\"rbsIcons\"><i class=\"fa fa-search-plus rbsZoomIcon \" ><\/i><\/div><\/div><\/div><\/div><div class=\"rbs-img  category90 \" ><div class=\"rbs-img-image   rbs-lightbox \" ><div class=\"rbs-img-thumbs\"  data-thumbnail=\"https:\/\/www.chalupapodlesi.cz\/wp-content\/uploads\/2022\/05\/akce3-300x225.jpg\"  title=\"\"  data-width=\"300\"  data-height=\"225\" ><\/div><div class=\"rbs-img-data-popup\"  data-popup=\"https:\/\/www.chalupapodlesi.cz\/wp-content\/uploads\/2022\/05\/akce3.jpg\"  title=\"\" ><\/div><div class=\"thumbnail-overlay\"><div class=\"rbsIcons\"><i class=\"fa fa-search-plus rbsZoomIcon \" ><\/i><\/div><\/div><\/div><\/div><div class=\"rbs-img  category90 \" ><div class=\"rbs-img-image   rbs-lightbox \" ><div class=\"rbs-img-thumbs\"  data-thumbnail=\"https:\/\/www.chalupapodlesi.cz\/wp-content\/uploads\/2022\/05\/akce2-300x225.jpg\"  title=\"\"  data-width=\"300\"  data-height=\"225\" ><\/div><div class=\"rbs-img-data-popup\"  data-popup=\"https:\/\/www.chalupapodlesi.cz\/wp-content\/uploads\/2022\/05\/akce2.jpg\"  title=\"\" ><\/div><div class=\"thumbnail-overlay\"><div class=\"rbsIcons\"><i class=\"fa fa-search-plus rbsZoomIcon \" ><\/i><\/div><\/div><\/div><\/div><div class=\"rbs-img  category90 \" ><div class=\"rbs-img-image   rbs-lightbox \" ><div class=\"rbs-img-thumbs\"  data-thumbnail=\"https:\/\/www.chalupapodlesi.cz\/wp-content\/uploads\/2022\/05\/leto10-300x226.jpg\"  title=\"\"  data-width=\"300\"  data-height=\"226\" ><\/div><div class=\"rbs-img-data-popup\"  data-popup=\"https:\/\/www.chalupapodlesi.cz\/wp-content\/uploads\/2022\/05\/leto10.jpg\"  title=\"\" ><\/div><div class=\"thumbnail-overlay\"><div class=\"rbsIcons\"><i class=\"fa fa-search-plus rbsZoomIcon \" ><\/i><\/div><\/div><\/div><\/div><\/div><\/div><\/div><script>var rbs_gallery_69f27f4e3b4ea = {\"version\":\"3.2.17\",\"id\":90,\"class\":\"id90\",\"roboGalleryDelay\":1000,\"mainContainer\":\"#robo_gallery_main_block_rbs_gallery_69f27f4e3b4ea\",\"loadingContainer\":\"#rbs_gallery_69f27f4e3b4ea-block-loader\",\"loadingContainerObj\":\"rbs_gallery_69f27f4e3b4ea-block-loader\",\"columnWidth\":\"auto\",\"columns\":3,\"resolutions\":[{\"columnWidth\":\"auto\",\"columns\":3,\"maxWidth\":960},{\"columnWidth\":\"auto\",\"columns\":2,\"maxWidth\":650},{\"columnWidth\":\"auto\",\"columns\":1,\"maxWidth\":450}],\"lightboxOptions\":{\"gallery\":{\"enabled\":true,\"tCounter\":\"%curr% of %total%\"}},\"overlayEffect\":\"direction-aware-fade\",\"boxesToLoadStart\":12,\"boxesToLoad\":8,\"waitUntilThumbLoads\":1,\"LoadingWord\":\"Loading...\",\"loadMoreWord\":\"Load More\",\"noMoreEntriesWord\":\"No More Entries\",\"horizontalSpaceBetweenBoxes\":15,\"verticalSpaceBetweenBoxes\":15,\"lazyLoad\":1,\"wrapContainer\":\"#robo-gallery-wrap-rbs_gallery_69f27f4e3b4ea\"};<\/script>","protected":false},"excerpt":{"rendered":"<p>Stravov\u00e1n\u00ed je poskytov\u00e1no ve form\u011b polopenze (\u010desk\u00e1 kuchyn\u011b) a ve\u010dern\u00ed posezen\u00ed s p\u0159\u00e1teli v\u00e1m zp\u0159\u00edjemn\u00ed na\u0161e neku\u0159\u00e1ck\u00e1 restaurace. Speciality v restauraci ala carte : grilov\u00e1n\u00ed \u010derstv\u00fdch pstruh\u016f z vlastn\u00edho jez\u00edrka [&hellip;]<\/p>\n","protected":false},"author":1,"featured_media":67,"parent":0,"menu_order":0,"comment_status":"closed","ping_status":"closed","template":"","meta":{"footnotes":""},"class_list":["post-34","page","type-page","status-publish","has-post-thumbnail","hentry"],"_links":{"self":[{"href":"https:\/\/www.chalupapodlesi.cz\/index.php?rest_route=\/wp\/v2\/pages\/34","targetHints":{"allow":["GET"]}}],"collection":[{"href":"https:\/\/www.chalupapodlesi.cz\/index.php?rest_route=\/wp\/v2\/pages"}],"about":[{"href":"https:\/\/www.chalupapodlesi.cz\/index.php?rest_route=\/wp\/v2\/types\/page"}],"author":[{"embeddable":true,"href":"https:\/\/www.chalupapodlesi.cz\/index.php?rest_route=\/wp\/v2\/users\/1"}],"replies":[{"embeddable":true,"href":"https:\/\/www.chalupapodlesi.cz\/index.php?rest_route=%2Fwp%2Fv2%2Fcomments&post=34"}],"version-history":[{"count":2,"href":"https:\/\/www.chalupapodlesi.cz\/index.php?rest_route=\/wp\/v2\/pages\/34\/revisions"}],"predecessor-version":[{"id":91,"href":"https:\/\/www.chalupapodlesi.cz\/index.php?rest_route=\/wp\/v2\/pages\/34\/revisions\/91"}],"wp:featuredmedia":[{"embeddable":true,"href":"https:\/\/www.chalupapodlesi.cz\/index.php?rest_route=\/wp\/v2\/media\/67"}],"wp:attachment":[{"href":"https:\/\/www.chalupapodlesi.cz\/index.php?rest_route=%2Fwp%2Fv2%2Fmedia&parent=34"}],"curies":[{"name":"wp","href":"https:\/\/api.w.org\/{rel}","templated":true}]}}