{"id":28,"date":"2022-05-21T19:01:06","date_gmt":"2022-05-21T17:01:06","guid":{"rendered":"https:\/\/www.chalupapodlesi.cz\/?page_id=28"},"modified":"2022-05-22T18:48:52","modified_gmt":"2022-05-22T16:48:52","slug":"akce","status":"publish","type":"page","link":"https:\/\/www.chalupapodlesi.cz\/?page_id=28","title":{"rendered":"Akce"},"content":{"rendered":"\n<p>Zajist\u00edme pro v\u00e1s organizaci firemn\u00edch akc\u00ed, rodinn\u00e9 dovolen\u00e9, oslavy narozenin, svatby &#8230;.<\/p>\n\n\n<style type=\"text\/css\" scoped>.rbs_gallery_69f280911d3b8Spinner{\r\n\t\t\t\tmargin: 50px auto;\r\n\t\t\t\twidth: 50px;\r\n\t\t\t\theight: 40px;\r\n\t\t\t\ttext-align: center;\r\n\t\t\t\tfont-size: 10px;\r\n\t\t\t}\r\n\t\t\t.rbs_gallery_69f280911d3b8Spinner > div{\r\n\t\t\t  background-color: #333;\r\n\t\t\t  height: 100%;\r\n\t\t\t  width: 6px;\r\n\t\t\t  display: inline-block;\r\n\t\t\t  -webkit-animation: rbs_gallery_69f280911d3b8-stretchdelay 1.2s infinite ease-in-out;\r\n\t\t\t  animation: rbs_gallery_69f280911d3b8-stretchdelay 1.2s infinite ease-in-out;\r\n\t\t\t}\r\n\t\t\t.rbs_gallery_69f280911d3b8Spinner .rbs_gallery_69f280911d3b8Rect2 {\r\n\t\t\t  -webkit-animation-delay: -1.1s;\r\n\t\t\t  animation-delay: -1.1s;\r\n\t\t\t}\r\n\t\t\t.rbs_gallery_69f280911d3b8Spinner .rbs_gallery_69f280911d3b8Rect3 {\r\n\t\t\t  -webkit-animation-delay: -1.0s;\r\n\t\t\t  animation-delay: -1.0s;\r\n\t\t\t}\r\n\t\t\t.rbs_gallery_69f280911d3b8Spinner .rbs_gallery_69f280911d3b8Rect4 {\r\n\t\t\t  -webkit-animation-delay: -0.9s;\r\n\t\t\t  animation-delay: -0.9s;\r\n\t\t\t}\r\n\t\t\t.rbs_gallery_69f280911d3b8Spinner .rbs_gallery_69f280911d3b8Rect5 {\r\n\t\t\t  -webkit-animation-delay: -0.8s;\r\n\t\t\t  animation-delay: -0.8s;\r\n\t\t\t}\r\n\t\t\t@-webkit-keyframes rbs_gallery_69f280911d3b8-stretchdelay {\r\n\t\t\t  0%, 40%, 100% { -webkit-transform: scaleY(0.4) }  \r\n\t\t\t  20% { -webkit-transform: scaleY(1.0) }\r\n\t\t\t}\r\n\t\t\t@keyframes rbs_gallery_69f280911d3b8-stretchdelay {\r\n\t\t\t  0%, 40%, 100% { \r\n\t\t\t    transform: scaleY(0.4);\r\n\t\t\t    -webkit-transform: scaleY(0.4);\r\n\t\t\t  }  20% { \r\n\t\t\t    transform: scaleY(1.0);\r\n\t\t\t    -webkit-transform: scaleY(1.0);\r\n\t\t\t  }\r\n\t\t\t}\r\n\t\t<\/style><div class=\"robo-gallery-wrap robo-gallery-wrap-id86 robo-gallery-grid\" ><div id=\"rbs_gallery_69f280911d3b8-block-loader\" class=\"rbs_gallery_69f280911d3b8Spinner\"><div class=\"rbs_gallery_69f280911d3b8Rect1\"><\/div> <div class=\"rbs_gallery_69f280911d3b8Rect2\"><\/div> <div class=\"rbs_gallery_69f280911d3b8Rect3\"><\/div> <div class=\"rbs_gallery_69f280911d3b8Rect4\"><\/div> <div class=\"rbs_gallery_69f280911d3b8Rect5\"><\/div><\/div><div id=\"robo_gallery_main_block_rbs_gallery_69f280911d3b8\" class=\"robogallery-gallery-86\" style=\"width:100%;  display: none;\"><div id=\"rbs_gallery_69f280911d3b8\" data-options=\"rbs_gallery_69f280911d3b8\" style=\"width:100%;\" class=\"robo_gallery  \"><div class=\"rbs-img  category86 \" ><div class=\"rbs-img-image   rbs-lightbox \" ><div class=\"rbs-img-thumbs\"  data-thumbnail=\"https:\/\/www.chalupapodlesi.cz\/wp-content\/uploads\/2022\/05\/akce1-300x225.jpg\"  title=\"\"  data-width=\"240\"  data-height=\"140\" ><\/div><div class=\"rbs-img-data-popup\"  data-popup=\"https:\/\/www.chalupapodlesi.cz\/wp-content\/uploads\/2022\/05\/akce1.jpg\"  title=\"\" ><\/div><div class=\"thumbnail-overlay\"><div class=\"rbsIcons\"><i class=\"fa fa-search-plus rbsZoomIcon \" ><\/i><\/div><\/div><\/div><\/div><div class=\"rbs-img  category86 \" ><div class=\"rbs-img-image   rbs-lightbox \" ><div class=\"rbs-img-thumbs\"  data-thumbnail=\"https:\/\/www.chalupapodlesi.cz\/wp-content\/uploads\/2022\/05\/akce2-300x225.jpg\"  title=\"\"  data-width=\"240\"  data-height=\"140\" ><\/div><div class=\"rbs-img-data-popup\"  data-popup=\"https:\/\/www.chalupapodlesi.cz\/wp-content\/uploads\/2022\/05\/akce2.jpg\"  title=\"\" ><\/div><div class=\"thumbnail-overlay\"><div class=\"rbsIcons\"><i class=\"fa fa-search-plus rbsZoomIcon \" ><\/i><\/div><\/div><\/div><\/div><div class=\"rbs-img  category86 \" ><div class=\"rbs-img-image   rbs-lightbox \" ><div class=\"rbs-img-thumbs\"  data-thumbnail=\"https:\/\/www.chalupapodlesi.cz\/wp-content\/uploads\/2022\/05\/akce3-300x225.jpg\"  title=\"\"  data-width=\"240\"  data-height=\"140\" ><\/div><div class=\"rbs-img-data-popup\"  data-popup=\"https:\/\/www.chalupapodlesi.cz\/wp-content\/uploads\/2022\/05\/akce3.jpg\"  title=\"\" ><\/div><div class=\"thumbnail-overlay\"><div class=\"rbsIcons\"><i class=\"fa fa-search-plus rbsZoomIcon \" ><\/i><\/div><\/div><\/div><\/div><\/div><\/div><\/div><script>var rbs_gallery_69f280911d3b8 = {\"version\":\"3.2.17\",\"id\":86,\"class\":\"id86\",\"roboGalleryDelay\":1000,\"mainContainer\":\"#robo_gallery_main_block_rbs_gallery_69f280911d3b8\",\"loadingContainer\":\"#rbs_gallery_69f280911d3b8-block-loader\",\"loadingContainerObj\":\"rbs_gallery_69f280911d3b8-block-loader\",\"columnWidth\":\"auto\",\"columns\":3,\"resolutions\":[{\"columnWidth\":\"auto\",\"columns\":3,\"maxWidth\":960},{\"columnWidth\":\"auto\",\"columns\":2,\"maxWidth\":650},{\"columnWidth\":\"auto\",\"columns\":1,\"maxWidth\":450}],\"lightboxOptions\":{\"gallery\":{\"enabled\":true,\"tCounter\":\"%curr% of %total%\"}},\"overlayEffect\":\"direction-aware-fade\",\"boxesToLoadStart\":12,\"boxesToLoad\":8,\"waitUntilThumbLoads\":1,\"LoadingWord\":\"Loading...\",\"loadMoreWord\":\"Load More\",\"noMoreEntriesWord\":\"No More Entries\",\"horizontalSpaceBetweenBoxes\":15,\"verticalSpaceBetweenBoxes\":15,\"lazyLoad\":1,\"wrapContainer\":\"#robo-gallery-wrap-rbs_gallery_69f280911d3b8\"};<\/script>","protected":false},"excerpt":{"rendered":"<p>Zajist\u00edme pro v\u00e1s organizaci firemn\u00edch akc\u00ed, rodinn\u00e9 dovolen\u00e9, oslavy narozenin, svatby &#8230;.<\/p>\n","protected":false},"author":1,"featured_media":77,"parent":0,"menu_order":0,"comment_status":"closed","ping_status":"closed","template":"","meta":{"footnotes":""},"class_list":["post-28","page","type-page","status-publish","has-post-thumbnail","hentry"],"_links":{"self":[{"href":"https:\/\/www.chalupapodlesi.cz\/index.php?rest_route=\/wp\/v2\/pages\/28","targetHints":{"allow":["GET"]}}],"collection":[{"href":"https:\/\/www.chalupapodlesi.cz\/index.php?rest_route=\/wp\/v2\/pages"}],"about":[{"href":"https:\/\/www.chalupapodlesi.cz\/index.php?rest_route=\/wp\/v2\/types\/page"}],"author":[{"embeddable":true,"href":"https:\/\/www.chalupapodlesi.cz\/index.php?rest_route=\/wp\/v2\/users\/1"}],"replies":[{"embeddable":true,"href":"https:\/\/www.chalupapodlesi.cz\/index.php?rest_route=%2Fwp%2Fv2%2Fcomments&post=28"}],"version-history":[{"count":3,"href":"https:\/\/www.chalupapodlesi.cz\/index.php?rest_route=\/wp\/v2\/pages\/28\/revisions"}],"predecessor-version":[{"id":88,"href":"https:\/\/www.chalupapodlesi.cz\/index.php?rest_route=\/wp\/v2\/pages\/28\/revisions\/88"}],"wp:featuredmedia":[{"embeddable":true,"href":"https:\/\/www.chalupapodlesi.cz\/index.php?rest_route=\/wp\/v2\/media\/77"}],"wp:attachment":[{"href":"https:\/\/www.chalupapodlesi.cz\/index.php?rest_route=%2Fwp%2Fv2%2Fmedia&parent=28"}],"curies":[{"name":"wp","href":"https:\/\/api.w.org\/{rel}","templated":true}]}}