{"id":14,"date":"2022-05-21T16:03:24","date_gmt":"2022-05-21T16:03:24","guid":{"rendered":"https:\/\/www.chalupapodlesi.cz\/?page_id=14"},"modified":"2022-05-22T19:23:31","modified_gmt":"2022-05-22T17:23:31","slug":"penzion","status":"publish","type":"page","link":"https:\/\/www.chalupapodlesi.cz\/?page_id=14","title":{"rendered":"Penzion"},"content":{"rendered":"\n<p>Poskytuje ubytov\u00e1n\u00ed ve 2 &#8211; 6 l\u016f\u017ekov\u00fdch pokoj\u00edch vybaven\u00fdch ve\u0161ker\u00fdm pohodl\u00edm v\u010detn\u011b kompletn\u00edho soci\u00e1ln\u00edho za\u0159\u00edzen\u00ed. Kapacita 20 l\u016f\u017eek.<br>Soukrom\u00e9 parkovi\u0161t\u011b je celoro\u010dn\u011b u penzionu zdarma. Po cel\u00e9m penzionu je dostupn\u00e1 vysokorychlostn\u00ed WiFi zdarma.<\/p>\n\n\n<style type=\"text\/css\" scoped>.rbs_gallery_69f281017aba5Spinner{\r\n\t\t\t\tmargin: 50px auto;\r\n\t\t\t\twidth: 50px;\r\n\t\t\t\theight: 40px;\r\n\t\t\t\ttext-align: center;\r\n\t\t\t\tfont-size: 10px;\r\n\t\t\t}\r\n\t\t\t.rbs_gallery_69f281017aba5Spinner > div{\r\n\t\t\t  background-color: #333;\r\n\t\t\t  height: 100%;\r\n\t\t\t  width: 6px;\r\n\t\t\t  display: inline-block;\r\n\t\t\t  -webkit-animation: rbs_gallery_69f281017aba5-stretchdelay 1.2s infinite ease-in-out;\r\n\t\t\t  animation: rbs_gallery_69f281017aba5-stretchdelay 1.2s infinite ease-in-out;\r\n\t\t\t}\r\n\t\t\t.rbs_gallery_69f281017aba5Spinner .rbs_gallery_69f281017aba5Rect2 {\r\n\t\t\t  -webkit-animation-delay: -1.1s;\r\n\t\t\t  animation-delay: -1.1s;\r\n\t\t\t}\r\n\t\t\t.rbs_gallery_69f281017aba5Spinner .rbs_gallery_69f281017aba5Rect3 {\r\n\t\t\t  -webkit-animation-delay: -1.0s;\r\n\t\t\t  animation-delay: -1.0s;\r\n\t\t\t}\r\n\t\t\t.rbs_gallery_69f281017aba5Spinner .rbs_gallery_69f281017aba5Rect4 {\r\n\t\t\t  -webkit-animation-delay: -0.9s;\r\n\t\t\t  animation-delay: -0.9s;\r\n\t\t\t}\r\n\t\t\t.rbs_gallery_69f281017aba5Spinner .rbs_gallery_69f281017aba5Rect5 {\r\n\t\t\t  -webkit-animation-delay: -0.8s;\r\n\t\t\t  animation-delay: -0.8s;\r\n\t\t\t}\r\n\t\t\t@-webkit-keyframes rbs_gallery_69f281017aba5-stretchdelay {\r\n\t\t\t  0%, 40%, 100% { -webkit-transform: scaleY(0.4) }  \r\n\t\t\t  20% { -webkit-transform: scaleY(1.0) }\r\n\t\t\t}\r\n\t\t\t@keyframes rbs_gallery_69f281017aba5-stretchdelay {\r\n\t\t\t  0%, 40%, 100% { \r\n\t\t\t    transform: scaleY(0.4);\r\n\t\t\t    -webkit-transform: scaleY(0.4);\r\n\t\t\t  }  20% { \r\n\t\t\t    transform: scaleY(1.0);\r\n\t\t\t    -webkit-transform: scaleY(1.0);\r\n\t\t\t  }\r\n\t\t\t}\r\n\t\t<\/style><div class=\"robo-gallery-wrap robo-gallery-wrap-id94 robo-gallery-grid\" ><div id=\"rbs_gallery_69f281017aba5-block-loader\" class=\"rbs_gallery_69f281017aba5Spinner\"><div class=\"rbs_gallery_69f281017aba5Rect1\"><\/div> <div class=\"rbs_gallery_69f281017aba5Rect2\"><\/div> <div class=\"rbs_gallery_69f281017aba5Rect3\"><\/div> <div class=\"rbs_gallery_69f281017aba5Rect4\"><\/div> <div class=\"rbs_gallery_69f281017aba5Rect5\"><\/div><\/div><div id=\"robo_gallery_main_block_rbs_gallery_69f281017aba5\" class=\"robogallery-gallery-94\" style=\"width:100%;  display: none;\"><div id=\"rbs_gallery_69f281017aba5\" data-options=\"rbs_gallery_69f281017aba5\" style=\"width:100%;\" class=\"robo_gallery  \"><div class=\"rbs-img  category94 \" ><div class=\"rbs-img-image   rbs-lightbox \" ><div class=\"rbs-img-thumbs\"  data-thumbnail=\"https:\/\/www.chalupapodlesi.cz\/wp-content\/uploads\/2022\/05\/chalupa-300x168.jpg\"  title=\"\"  data-width=\"300\"  data-height=\"168\" ><\/div><div class=\"rbs-img-data-popup\"  data-popup=\"https:\/\/www.chalupapodlesi.cz\/wp-content\/uploads\/2022\/05\/chalupa.jpg\"  title=\"\" ><\/div><div class=\"thumbnail-overlay\"><div class=\"rbsIcons\"><i class=\"fa fa-search-plus rbsZoomIcon \" ><\/i><\/div><\/div><\/div><\/div><div class=\"rbs-img  category94 \" ><div class=\"rbs-img-image   rbs-lightbox \" ><div class=\"rbs-img-thumbs\"  data-thumbnail=\"https:\/\/www.chalupapodlesi.cz\/wp-content\/uploads\/2022\/05\/chalupa3-300x225.jpg\"  title=\"\"  data-width=\"300\"  data-height=\"225\" ><\/div><div class=\"rbs-img-data-popup\"  data-popup=\"https:\/\/www.chalupapodlesi.cz\/wp-content\/uploads\/2022\/05\/chalupa3.jpg\"  title=\"\" ><\/div><div class=\"thumbnail-overlay\"><div class=\"rbsIcons\"><i class=\"fa fa-search-plus rbsZoomIcon \" ><\/i><\/div><\/div><\/div><\/div><div class=\"rbs-img  category94 \" ><div class=\"rbs-img-image   rbs-lightbox \" ><div class=\"rbs-img-thumbs\"  data-thumbnail=\"https:\/\/www.chalupapodlesi.cz\/wp-content\/uploads\/2022\/05\/chalupa2-300x225.jpg\"  title=\"\"  data-width=\"300\"  data-height=\"225\" ><\/div><div class=\"rbs-img-data-popup\"  data-popup=\"https:\/\/www.chalupapodlesi.cz\/wp-content\/uploads\/2022\/05\/chalupa2.jpg\"  title=\"\" ><\/div><div class=\"thumbnail-overlay\"><div class=\"rbsIcons\"><i class=\"fa fa-search-plus rbsZoomIcon \" ><\/i><\/div><\/div><\/div><\/div><div class=\"rbs-img  category94 \" ><div class=\"rbs-img-image   rbs-lightbox \" ><div class=\"rbs-img-thumbs\"  data-thumbnail=\"https:\/\/www.chalupapodlesi.cz\/wp-content\/uploads\/2022\/05\/chalupa0-300x225.jpg\"  title=\"\"  data-width=\"300\"  data-height=\"225\" ><\/div><div class=\"rbs-img-data-popup\"  data-popup=\"https:\/\/www.chalupapodlesi.cz\/wp-content\/uploads\/2022\/05\/chalupa0.jpg\"  title=\"\" ><\/div><div class=\"thumbnail-overlay\"><div class=\"rbsIcons\"><i class=\"fa fa-search-plus rbsZoomIcon \" ><\/i><\/div><\/div><\/div><\/div><div class=\"rbs-img  category94 \" ><div class=\"rbs-img-image   rbs-lightbox \" ><div class=\"rbs-img-thumbs\"  data-thumbnail=\"https:\/\/www.chalupapodlesi.cz\/wp-content\/uploads\/2022\/05\/chalupa1-300x225.jpg\"  title=\"\"  data-width=\"300\"  data-height=\"225\" ><\/div><div class=\"rbs-img-data-popup\"  data-popup=\"https:\/\/www.chalupapodlesi.cz\/wp-content\/uploads\/2022\/05\/chalupa1.jpg\"  title=\"\" ><\/div><div class=\"thumbnail-overlay\"><div class=\"rbsIcons\"><i class=\"fa fa-search-plus rbsZoomIcon \" ><\/i><\/div><\/div><\/div><\/div><div class=\"rbs-img  category94 \" ><div class=\"rbs-img-image   rbs-lightbox \" ><div class=\"rbs-img-thumbs\"  data-thumbnail=\"https:\/\/www.chalupapodlesi.cz\/wp-content\/uploads\/2022\/05\/chalupa5-300x225.jpg\"  title=\"\"  data-width=\"300\"  data-height=\"225\" ><\/div><div class=\"rbs-img-data-popup\"  data-popup=\"https:\/\/www.chalupapodlesi.cz\/wp-content\/uploads\/2022\/05\/chalupa5.jpg\"  title=\"\" ><\/div><div class=\"thumbnail-overlay\"><div class=\"rbsIcons\"><i class=\"fa fa-search-plus rbsZoomIcon \" ><\/i><\/div><\/div><\/div><\/div><\/div><\/div><\/div><script>var rbs_gallery_69f281017aba5 = {\"version\":\"3.2.17\",\"id\":94,\"class\":\"id94\",\"roboGalleryDelay\":1000,\"mainContainer\":\"#robo_gallery_main_block_rbs_gallery_69f281017aba5\",\"loadingContainer\":\"#rbs_gallery_69f281017aba5-block-loader\",\"loadingContainerObj\":\"rbs_gallery_69f281017aba5-block-loader\",\"columnWidth\":\"auto\",\"columns\":3,\"resolutions\":[{\"columnWidth\":\"auto\",\"columns\":3,\"maxWidth\":960},{\"columnWidth\":\"auto\",\"columns\":2,\"maxWidth\":650},{\"columnWidth\":\"auto\",\"columns\":1,\"maxWidth\":450}],\"lightboxOptions\":{\"gallery\":{\"enabled\":true,\"tCounter\":\"%curr% of %total%\"}},\"overlayEffect\":\"direction-aware-fade\",\"boxesToLoadStart\":12,\"boxesToLoad\":8,\"waitUntilThumbLoads\":1,\"LoadingWord\":\"Loading...\",\"loadMoreWord\":\"Load More\",\"noMoreEntriesWord\":\"No More Entries\",\"horizontalSpaceBetweenBoxes\":15,\"verticalSpaceBetweenBoxes\":15,\"lazyLoad\":1,\"wrapContainer\":\"#robo-gallery-wrap-rbs_gallery_69f281017aba5\"};<\/script>\n\n\n<p>Sou\u010d\u00e1st\u00ed penzionu je infra sauna.<\/p>\n\n\n\n<figure class=\"wp-block-image size-full\"><img loading=\"lazy\" decoding=\"async\" width=\"1024\" height=\"680\" src=\"http:\/\/www.chalupapodlesi.cz\/wp-content\/uploads\/2022\/05\/sauna1.jpg\" alt=\"\" class=\"wp-image-13\" srcset=\"https:\/\/www.chalupapodlesi.cz\/wp-content\/uploads\/2022\/05\/sauna1.jpg 1024w, https:\/\/www.chalupapodlesi.cz\/wp-content\/uploads\/2022\/05\/sauna1-300x199.jpg 300w, https:\/\/www.chalupapodlesi.cz\/wp-content\/uploads\/2022\/05\/sauna1-768x510.jpg 768w\" sizes=\"auto, (max-width: 1024px) 100vw, 1024px\" \/><\/figure>\n\n\n\n<p>Pokoje<\/p>\n\n\n<style type=\"text\/css\" scoped>.rbs_gallery_69f281018774bSpinner{\r\n\t\t\t\tmargin: 50px auto;\r\n\t\t\t\twidth: 50px;\r\n\t\t\t\theight: 40px;\r\n\t\t\t\ttext-align: center;\r\n\t\t\t\tfont-size: 10px;\r\n\t\t\t}\r\n\t\t\t.rbs_gallery_69f281018774bSpinner > div{\r\n\t\t\t  background-color: #333;\r\n\t\t\t  height: 100%;\r\n\t\t\t  width: 6px;\r\n\t\t\t  display: inline-block;\r\n\t\t\t  -webkit-animation: rbs_gallery_69f281018774b-stretchdelay 1.2s infinite ease-in-out;\r\n\t\t\t  animation: rbs_gallery_69f281018774b-stretchdelay 1.2s infinite ease-in-out;\r\n\t\t\t}\r\n\t\t\t.rbs_gallery_69f281018774bSpinner .rbs_gallery_69f281018774bRect2 {\r\n\t\t\t  -webkit-animation-delay: -1.1s;\r\n\t\t\t  animation-delay: -1.1s;\r\n\t\t\t}\r\n\t\t\t.rbs_gallery_69f281018774bSpinner .rbs_gallery_69f281018774bRect3 {\r\n\t\t\t  -webkit-animation-delay: -1.0s;\r\n\t\t\t  animation-delay: -1.0s;\r\n\t\t\t}\r\n\t\t\t.rbs_gallery_69f281018774bSpinner .rbs_gallery_69f281018774bRect4 {\r\n\t\t\t  -webkit-animation-delay: -0.9s;\r\n\t\t\t  animation-delay: -0.9s;\r\n\t\t\t}\r\n\t\t\t.rbs_gallery_69f281018774bSpinner .rbs_gallery_69f281018774bRect5 {\r\n\t\t\t  -webkit-animation-delay: -0.8s;\r\n\t\t\t  animation-delay: -0.8s;\r\n\t\t\t}\r\n\t\t\t@-webkit-keyframes rbs_gallery_69f281018774b-stretchdelay {\r\n\t\t\t  0%, 40%, 100% { -webkit-transform: scaleY(0.4) }  \r\n\t\t\t  20% { -webkit-transform: scaleY(1.0) }\r\n\t\t\t}\r\n\t\t\t@keyframes rbs_gallery_69f281018774b-stretchdelay {\r\n\t\t\t  0%, 40%, 100% { \r\n\t\t\t    transform: scaleY(0.4);\r\n\t\t\t    -webkit-transform: scaleY(0.4);\r\n\t\t\t  }  20% { \r\n\t\t\t    transform: scaleY(1.0);\r\n\t\t\t    -webkit-transform: scaleY(1.0);\r\n\t\t\t  }\r\n\t\t\t}\r\n\t\t<\/style><div class=\"robo-gallery-wrap robo-gallery-wrap-id96 robo-gallery-grid\" ><div id=\"rbs_gallery_69f281018774b-block-loader\" class=\"rbs_gallery_69f281018774bSpinner\"><div class=\"rbs_gallery_69f281018774bRect1\"><\/div> <div class=\"rbs_gallery_69f281018774bRect2\"><\/div> <div class=\"rbs_gallery_69f281018774bRect3\"><\/div> <div class=\"rbs_gallery_69f281018774bRect4\"><\/div> <div class=\"rbs_gallery_69f281018774bRect5\"><\/div><\/div><div id=\"robo_gallery_main_block_rbs_gallery_69f281018774b\" class=\"robogallery-gallery-96\" style=\"width:100%;  display: none;\"><div id=\"rbs_gallery_69f281018774b\" data-options=\"rbs_gallery_69f281018774b\" style=\"width:100%;\" class=\"robo_gallery  \"><div class=\"rbs-img  category96 \" ><div class=\"rbs-img-image   rbs-lightbox \" ><div class=\"rbs-img-thumbs\"  data-thumbnail=\"https:\/\/www.chalupapodlesi.cz\/wp-content\/uploads\/2022\/05\/pokoj9-300x225.jpg\"  title=\"\"  data-width=\"300\"  data-height=\"225\" ><\/div><div class=\"rbs-img-data-popup\"  data-popup=\"https:\/\/www.chalupapodlesi.cz\/wp-content\/uploads\/2022\/05\/pokoj9.jpg\"  title=\"\" ><\/div><div class=\"thumbnail-overlay\"><div class=\"rbsTitle \"><\/div><div class=\"rbsIcons\"><i class=\"fa fa-search-plus rbsZoomIcon \" ><\/i><\/div><\/div><\/div><\/div><div class=\"rbs-img  category96 \" ><div class=\"rbs-img-image   rbs-lightbox \" ><div class=\"rbs-img-thumbs\"  data-thumbnail=\"https:\/\/www.chalupapodlesi.cz\/wp-content\/uploads\/2022\/05\/pokoj8-300x225.jpg\"  title=\"\"  data-width=\"300\"  data-height=\"225\" ><\/div><div class=\"rbs-img-data-popup\"  data-popup=\"https:\/\/www.chalupapodlesi.cz\/wp-content\/uploads\/2022\/05\/pokoj8.jpg\"  title=\"\" ><\/div><div class=\"thumbnail-overlay\"><div class=\"rbsTitle \"><\/div><div class=\"rbsIcons\"><i class=\"fa fa-search-plus rbsZoomIcon \" ><\/i><\/div><\/div><\/div><\/div><div class=\"rbs-img  category96 \" ><div class=\"rbs-img-image   rbs-lightbox \" ><div class=\"rbs-img-thumbs\"  data-thumbnail=\"https:\/\/www.chalupapodlesi.cz\/wp-content\/uploads\/2022\/05\/pokoj7-300x225.jpg\"  title=\"\"  data-width=\"300\"  data-height=\"225\" ><\/div><div class=\"rbs-img-data-popup\"  data-popup=\"https:\/\/www.chalupapodlesi.cz\/wp-content\/uploads\/2022\/05\/pokoj7.jpg\"  title=\"\" ><\/div><div class=\"thumbnail-overlay\"><div class=\"rbsTitle \"><\/div><div class=\"rbsIcons\"><i class=\"fa fa-search-plus rbsZoomIcon \" ><\/i><\/div><\/div><\/div><\/div><div class=\"rbs-img  category96 \" ><div class=\"rbs-img-image   rbs-lightbox \" ><div class=\"rbs-img-thumbs\"  data-thumbnail=\"https:\/\/www.chalupapodlesi.cz\/wp-content\/uploads\/2022\/05\/pokoj6-300x225.jpg\"  title=\"\"  data-width=\"300\"  data-height=\"225\" ><\/div><div class=\"rbs-img-data-popup\"  data-popup=\"https:\/\/www.chalupapodlesi.cz\/wp-content\/uploads\/2022\/05\/pokoj6.jpg\"  title=\"\" ><\/div><div class=\"thumbnail-overlay\"><div class=\"rbsTitle \"><\/div><div class=\"rbsIcons\"><i class=\"fa fa-search-plus rbsZoomIcon \" ><\/i><\/div><\/div><\/div><\/div><div class=\"rbs-img  category96 \" ><div class=\"rbs-img-image   rbs-lightbox \" ><div class=\"rbs-img-thumbs\"  data-thumbnail=\"https:\/\/www.chalupapodlesi.cz\/wp-content\/uploads\/2022\/05\/pokoj5-300x225.jpg\"  title=\"\"  data-width=\"300\"  data-height=\"225\" ><\/div><div class=\"rbs-img-data-popup\"  data-popup=\"https:\/\/www.chalupapodlesi.cz\/wp-content\/uploads\/2022\/05\/pokoj5.jpg\"  title=\"\" ><\/div><div class=\"thumbnail-overlay\"><div class=\"rbsTitle \"><\/div><div class=\"rbsIcons\"><i class=\"fa fa-search-plus rbsZoomIcon \" ><\/i><\/div><\/div><\/div><\/div><div class=\"rbs-img  category96 \" ><div class=\"rbs-img-image   rbs-lightbox \" ><div class=\"rbs-img-thumbs\"  data-thumbnail=\"https:\/\/www.chalupapodlesi.cz\/wp-content\/uploads\/2022\/05\/pokoj4-225x300.jpg\"  title=\"\"  data-width=\"225\"  data-height=\"300\" ><\/div><div class=\"rbs-img-data-popup\"  data-popup=\"https:\/\/www.chalupapodlesi.cz\/wp-content\/uploads\/2022\/05\/pokoj4.jpg\"  title=\"\" ><\/div><div class=\"thumbnail-overlay\"><div class=\"rbsTitle \"><\/div><div class=\"rbsIcons\"><i class=\"fa fa-search-plus rbsZoomIcon \" ><\/i><\/div><\/div><\/div><\/div><div class=\"rbs-img  category96 \" ><div class=\"rbs-img-image   rbs-lightbox \" ><div class=\"rbs-img-thumbs\"  data-thumbnail=\"https:\/\/www.chalupapodlesi.cz\/wp-content\/uploads\/2022\/05\/pokoj3-300x225.jpg\"  title=\"\"  data-width=\"300\"  data-height=\"225\" ><\/div><div class=\"rbs-img-data-popup\"  data-popup=\"https:\/\/www.chalupapodlesi.cz\/wp-content\/uploads\/2022\/05\/pokoj3.jpg\"  title=\"\" ><\/div><div class=\"thumbnail-overlay\"><div class=\"rbsTitle \"><\/div><div class=\"rbsIcons\"><i class=\"fa fa-search-plus rbsZoomIcon \" ><\/i><\/div><\/div><\/div><\/div><div class=\"rbs-img  category96 \" ><div class=\"rbs-img-image   rbs-lightbox \" ><div class=\"rbs-img-thumbs\"  data-thumbnail=\"https:\/\/www.chalupapodlesi.cz\/wp-content\/uploads\/2022\/05\/pokoj1-300x225.jpg\"  title=\"\"  data-width=\"300\"  data-height=\"225\" ><\/div><div class=\"rbs-img-data-popup\"  data-popup=\"https:\/\/www.chalupapodlesi.cz\/wp-content\/uploads\/2022\/05\/pokoj1.jpg\"  title=\"\" ><\/div><div class=\"thumbnail-overlay\"><div class=\"rbsTitle \"><\/div><div class=\"rbsIcons\"><i class=\"fa fa-search-plus rbsZoomIcon \" ><\/i><\/div><\/div><\/div><\/div><div class=\"rbs-img  category96 \" ><div class=\"rbs-img-image   rbs-lightbox \" ><div class=\"rbs-img-thumbs\"  data-thumbnail=\"https:\/\/www.chalupapodlesi.cz\/wp-content\/uploads\/2022\/05\/pokoj2-300x225.jpg\"  title=\"\"  data-width=\"300\"  data-height=\"225\" ><\/div><div class=\"rbs-img-data-popup\"  data-popup=\"https:\/\/www.chalupapodlesi.cz\/wp-content\/uploads\/2022\/05\/pokoj2.jpg\"  title=\"\" ><\/div><div class=\"thumbnail-overlay\"><div class=\"rbsTitle \"><\/div><div class=\"rbsIcons\"><i class=\"fa fa-search-plus rbsZoomIcon \" ><\/i><\/div><\/div><\/div><\/div><\/div><\/div><\/div><script>var rbs_gallery_69f281018774b = {\"version\":\"3.2.17\",\"id\":96,\"class\":\"id96\",\"roboGalleryDelay\":1000,\"mainContainer\":\"#robo_gallery_main_block_rbs_gallery_69f281018774b\",\"loadingContainer\":\"#rbs_gallery_69f281018774b-block-loader\",\"loadingContainerObj\":\"rbs_gallery_69f281018774b-block-loader\",\"columnWidth\":\"auto\",\"columns\":3,\"resolutions\":[{\"columnWidth\":\"auto\",\"columns\":3,\"maxWidth\":960},{\"columnWidth\":\"auto\",\"columns\":2,\"maxWidth\":650},{\"columnWidth\":\"auto\",\"columns\":1,\"maxWidth\":450}],\"lightboxOptions\":{\"gallery\":{\"enabled\":true,\"tCounter\":\"%curr% of %total%\"}},\"overlayEffect\":\"direction-aware-fade\",\"boxesToLoadStart\":12,\"boxesToLoad\":8,\"waitUntilThumbLoads\":1,\"LoadingWord\":\"Loading...\",\"loadMoreWord\":\"Load More\",\"noMoreEntriesWord\":\"No More Entries\",\"horizontalSpaceBetweenBoxes\":15,\"verticalSpaceBetweenBoxes\":15,\"lazyLoad\":1,\"wrapContainer\":\"#robo-gallery-wrap-rbs_gallery_69f281018774b\"};<\/script>","protected":false},"excerpt":{"rendered":"<p>Poskytuje ubytov\u00e1n\u00ed ve 2 &#8211; 6 l\u016f\u017ekov\u00fdch pokoj\u00edch vybaven\u00fdch ve\u0161ker\u00fdm pohodl\u00edm v\u010detn\u011b kompletn\u00edho soci\u00e1ln\u00edho za\u0159\u00edzen\u00ed. Kapacita 20 l\u016f\u017eek.Soukrom\u00e9 parkovi\u0161t\u011b je celoro\u010dn\u011b u penzionu zdarma. Po cel\u00e9m penzionu je dostupn\u00e1 vysokorychlostn\u00ed [&hellip;]<\/p>\n","protected":false},"author":1,"featured_media":5,"parent":0,"menu_order":0,"comment_status":"closed","ping_status":"closed","template":"","meta":{"footnotes":""},"class_list":["post-14","page","type-page","status-publish","has-post-thumbnail","hentry"],"_links":{"self":[{"href":"https:\/\/www.chalupapodlesi.cz\/index.php?rest_route=\/wp\/v2\/pages\/14","targetHints":{"allow":["GET"]}}],"collection":[{"href":"https:\/\/www.chalupapodlesi.cz\/index.php?rest_route=\/wp\/v2\/pages"}],"about":[{"href":"https:\/\/www.chalupapodlesi.cz\/index.php?rest_route=\/wp\/v2\/types\/page"}],"author":[{"embeddable":true,"href":"https:\/\/www.chalupapodlesi.cz\/index.php?rest_route=\/wp\/v2\/users\/1"}],"replies":[{"embeddable":true,"href":"https:\/\/www.chalupapodlesi.cz\/index.php?rest_route=%2Fwp%2Fv2%2Fcomments&post=14"}],"version-history":[{"count":3,"href":"https:\/\/www.chalupapodlesi.cz\/index.php?rest_route=\/wp\/v2\/pages\/14\/revisions"}],"predecessor-version":[{"id":97,"href":"https:\/\/www.chalupapodlesi.cz\/index.php?rest_route=\/wp\/v2\/pages\/14\/revisions\/97"}],"wp:featuredmedia":[{"embeddable":true,"href":"https:\/\/www.chalupapodlesi.cz\/index.php?rest_route=\/wp\/v2\/media\/5"}],"wp:attachment":[{"href":"https:\/\/www.chalupapodlesi.cz\/index.php?rest_route=%2Fwp%2Fv2%2Fmedia&parent=14"}],"curies":[{"name":"wp","href":"https:\/\/api.w.org\/{rel}","templated":true}]}}